{"id":489,"date":"2022-08-09T08:04:06","date_gmt":"2022-08-09T08:04:06","guid":{"rendered":"https:\/\/formalisa.com\/preprod\/?page_id=489"},"modified":"2025-05-07T14:57:38","modified_gmt":"2025-05-07T14:57:38","slug":"mentions-legales","status":"publish","type":"page","link":"https:\/\/formalisa.com\/preprod\/mentions-legales\/","title":{"rendered":"Mentions l\u00e9gales"},"content":{"rendered":"<div id=\"block-1\" class=\"block-enriched-text-image block-enriched-text-image-color_white block-enriched-text-image-text_card\">\n    <div class=\"block-enriched-text-image-image\">\n        <img decoding=\"async\" \n    class=\"shortcode-image\" \n    src=\"\" \n    srcset=\"\"\n    sizes=\"100vw\"\n    alt=\"\" \n    title=\"\" \n    loading=\"lazy\"\/>    <\/div>\n    <div class=\"block-enriched-text-image-text\">\n                            <h1 class=\"block-enriched-text-image-text-title title title-xs title-brown\">Mentions l\u00e9gales<\/h1>                        <div class=\"block-enriched-text-image-text-description content content-md content-brown\">\n            <h2 style=\"text-align: left;\">\u00c9diteur du site<\/h2>\n<p>&nbsp;<\/p>\n<p style=\"text-align: left;\">Le pr\u00e9sent site est \u00e9dit\u00e9 et g\u00e9r\u00e9 par la soci\u00e9t\u00e9 Formalisa et Formalisa Institut<br \/>\nSARL au capital de 6 000 \u20ac<br \/>\n<strong>Si\u00e8ge social<\/strong> : High Park II, 20 Rue Louis Bl\u00e9riot, B\u00e2timent 3, 35170 Bruz, France<br \/>\n<strong>SIRET Formalisa<\/strong> : 52800334600038 \u2013 immatricul\u00e9e au Registre du Commerce et des Soci\u00e9t\u00e9s de Rennes<br \/>\n<strong>SIRET Formalisa Institut<\/strong>: 81095249900020 \u2013 immatricul\u00e9e au Registre du Commerce et des Soci\u00e9t\u00e9s de Rennes<br \/>\n<strong>T\u00e9l\u00e9phone<\/strong> : 02 23 35 76 96<br \/>\n<strong>Email<\/strong> : contact@formalisa.com<br \/>\n<strong>Directeur de la publication<\/strong> : Olivier Le Frapper<\/p>\n<p>&nbsp;<\/p>\n<h2 style=\"text-align: left;\">H\u00e9bergement<\/h2>\n<p>&nbsp;<\/p>\n<p style=\"text-align: left;\">Le site est h\u00e9berg\u00e9 par la soci\u00e9t\u00e9 Agence des M\u00e9dias Num\u00e9riques (AMEN)<br \/>\nSASU immatricul\u00e9e au Registre du Commerce et des Soci\u00e9t\u00e9s de PARIS sous le num\u00e9ro B 421 527 797<br \/>\nSi\u00e8ge social : 12-14, Rond Point des Champs Elys\u00e9es, 75008 Paris, France<\/p>\n<p>&nbsp;<\/p>\n<h2 style=\"text-align: left;\">Propri\u00e9t\u00e9 intellectuelle<\/h2>\n<p>&nbsp;<\/p>\n<p style=\"text-align: left;\">L\u2019ensemble du contenu pr\u00e9sent sur ce site (textes, images, logos, \u00e9l\u00e9ments graphiques, vid\u00e9os, etc.) est la propri\u00e9t\u00e9 exclusive de Formalisa ou fait l\u2019objet d\u2019autorisations d\u2019utilisation. Toute reproduction, repr\u00e9sentation, modification, publication, adaptation totale ou partielle de ces \u00e9l\u00e9ments, quel que soit le moyen ou le proc\u00e9d\u00e9 utilis\u00e9, est interdite sans l\u2019autorisation \u00e9crite pr\u00e9alable de Formalisa.<\/p>\n<p>&nbsp;<\/p>\n<h2 style=\"text-align: left;\">Politique relative aux cookies<\/h2>\n<p>&nbsp;<\/p>\n<p style=\"text-align: left;\">Lors de la navigation sur le site, des cookies peuvent \u00eatre d\u00e9pos\u00e9s sur votre terminal.<br \/>\nCes cookies ont plusieurs objectifs :<\/p>\n<ul style=\"text-align: left;\">\n<li>Cookies techniques n\u00e9cessaires au fonctionnement du site<\/li>\n<li>Cookies de mesure d\u2019audience (Google Analytics 4)<\/li>\n<li>Cookies tiers \u00e0 des fins publicitaires, de r\u00e9seaux sociaux et de retargeting<\/li>\n<\/ul>\n<p>&nbsp;<\/p>\n<p style=\"text-align: left;\">Lors de votre premi\u00e8re visite, un bandeau vous informe de l\u2019utilisation des cookies et vous invite \u00e0 les accepter ou \u00e0 les param\u00e9trer selon vos pr\u00e9f\u00e9rences. Vous pouvez \u00e0 tout moment modifier ou retirer votre consentement via l\u2019outil de gestion des cookies disponible sur le site.<\/p>\n<p>&nbsp;<\/p>\n<h2 style=\"text-align: left;\">Donn\u00e9es personnelles<\/h2>\n<p>&nbsp;<\/p>\n<p style=\"text-align: left;\">FORMALISA s&rsquo;engage \u00e0 ce que la collecte et le traitement de vos donn\u00e9es, effectu\u00e9s \u00e0 partir du site www.formalisa.com, soient conformes au R\u00e8glement G\u00e9n\u00e9ral sur la Protection des Donn\u00e9es (RGPD) et \u00e0 la loi Informatique et Libert\u00e9s.<\/p>\n<p style=\"text-align: left;\">Pour toute information ou exercice de vos droits Informatique et Libert\u00e9s (acc\u00e8s, rectification, suppression), vous pouvez nous contacter par e-mail \u00e0 : <a href=\"mailto:contact@formalisa.com\">contact@formalisa.com<\/a><\/p>\n<p>&nbsp;<\/p>\n<h2 style=\"text-align: left;\">Utilisation des statistiques et donn\u00e9es<\/h2>\n<p>&nbsp;<\/p>\n<p style=\"text-align: left;\">Les donn\u00e9es chiffr\u00e9es publi\u00e9es sur notre site (taux de satisfaction, taux de r\u00e9ussite, taux de recommandation, nombre de certifi\u00e9s ou de professionnels accompagn\u00e9s, note moyenne, etc.) sont issues de questionnaires de satisfactions compl\u00e9t\u00e9 par les candidats \u00e0 l&rsquo;issue des parcours, d\u2019avis d\u00e9pos\u00e9s sur EDOF et de t\u00e9moignages recueillis via Google.<\/p>\n<p style=\"text-align: left;\">Nos statistiques sont trait\u00e9es annuellement. L\u2019analyse de ces donn\u00e9es contribue \u00e0 la mise en \u0153uvre de mesures d&rsquo;am\u00e9lioration.<\/p>\n  \n        <\/div>\n    <\/div>\n<\/div>","protected":false},"excerpt":{"rendered":"","protected":false},"author":1,"featured_media":0,"parent":0,"menu_order":0,"comment_status":"closed","ping_status":"closed","template":"","meta":{"_acf_changed":false,"footnotes":""},"class_list":["post-489","page","type-page","status-publish","hentry"],"acf":[],"yoast_head":"<!-- This site is optimized with the Yoast SEO plugin v26.1.1 - https:\/\/yoast.com\/wordpress\/plugins\/seo\/ -->\n<title>Mentions l\u00e9gales - Formalisa<\/title>\n<meta name=\"description\" content=\"Mentions l\u00e9gales - Formalisa\" \/>\n<meta name=\"robots\" content=\"index, follow, max-snippet:-1, max-image-preview:large, max-video-preview:-1\" \/>\n<link rel=\"canonical\" href=\"https:\/\/formalisa.com\/preprod\/mentions-legales\/\" \/>\n<meta property=\"og:locale\" content=\"fr_FR\" \/>\n<meta property=\"og:type\" content=\"article\" \/>\n<meta property=\"og:title\" content=\"Mentions l\u00e9gales - Formalisa\" \/>\n<meta property=\"og:description\" content=\"Mentions l\u00e9gales - Formalisa\" \/>\n<meta property=\"og:url\" content=\"https:\/\/formalisa.com\/preprod\/mentions-legales\/\" \/>\n<meta property=\"og:site_name\" content=\"Formalisa\" \/>\n<meta property=\"article:publisher\" content=\"https:\/\/www.facebook.com\/formalisaformation\" \/>\n<meta property=\"article:modified_time\" content=\"2025-05-07T14:57:38+00:00\" \/>\n<meta name=\"twitter:card\" content=\"summary_large_image\" \/>\n<meta name=\"twitter:description\" content=\"Mentions l\u00e9gales - Formalisa\" \/>\n<script type=\"application\/ld+json\" class=\"yoast-schema-graph\">{\"@context\":\"https:\/\/schema.org\",\"@graph\":[{\"@type\":\"WebPage\",\"@id\":\"https:\/\/formalisa.com\/preprod\/mentions-legales\/\",\"url\":\"https:\/\/formalisa.com\/preprod\/mentions-legales\/\",\"name\":\"Mentions l\u00e9gales - Formalisa\",\"isPartOf\":{\"@id\":\"https:\/\/formalisa.com\/preprod\/#website\"},\"datePublished\":\"2022-08-09T08:04:06+00:00\",\"dateModified\":\"2025-05-07T14:57:38+00:00\",\"description\":\"Mentions l\u00e9gales - Formalisa\",\"breadcrumb\":{\"@id\":\"https:\/\/formalisa.com\/preprod\/mentions-legales\/#breadcrumb\"},\"inLanguage\":\"fr-FR\",\"potentialAction\":[{\"@type\":\"ReadAction\",\"target\":[\"https:\/\/formalisa.com\/preprod\/mentions-legales\/\"]}]},{\"@type\":\"BreadcrumbList\",\"@id\":\"https:\/\/formalisa.com\/preprod\/mentions-legales\/#breadcrumb\",\"itemListElement\":[{\"@type\":\"ListItem\",\"position\":1,\"name\":\"Accueil\",\"item\":\"https:\/\/formalisa.com\/preprod\/\"},{\"@type\":\"ListItem\",\"position\":2,\"name\":\"Mentions l\u00e9gales\"}]},{\"@type\":\"WebSite\",\"@id\":\"https:\/\/formalisa.com\/preprod\/#website\",\"url\":\"https:\/\/formalisa.com\/preprod\/\",\"name\":\"Formalisa\",\"description\":\"Site de Formalisa\",\"publisher\":{\"@id\":\"https:\/\/formalisa.com\/preprod\/#organization\"},\"potentialAction\":[{\"@type\":\"SearchAction\",\"target\":{\"@type\":\"EntryPoint\",\"urlTemplate\":\"https:\/\/formalisa.com\/preprod\/?s={search_term_string}\"},\"query-input\":{\"@type\":\"PropertyValueSpecification\",\"valueRequired\":true,\"valueName\":\"search_term_string\"}}],\"inLanguage\":\"fr-FR\"},{\"@type\":\"Organization\",\"@id\":\"https:\/\/formalisa.com\/preprod\/#organization\",\"name\":\"Formalisa\",\"url\":\"https:\/\/formalisa.com\/preprod\/\",\"logo\":{\"@type\":\"ImageObject\",\"inLanguage\":\"fr-FR\",\"@id\":\"https:\/\/formalisa.com\/preprod\/#\/schema\/logo\/image\/\",\"url\":\"https:\/\/formalisa.com\/preprod\/wp-content\/uploads\/2022\/07\/cropped-FORMALISA-1-1.png\",\"contentUrl\":\"https:\/\/formalisa.com\/preprod\/wp-content\/uploads\/2022\/07\/cropped-FORMALISA-1-1.png\",\"width\":856,\"height\":240,\"caption\":\"Formalisa\"},\"image\":{\"@id\":\"https:\/\/formalisa.com\/preprod\/#\/schema\/logo\/image\/\"},\"sameAs\":[\"https:\/\/www.facebook.com\/formalisaformation\",\"https:\/\/www.linkedin.com\/company\/formalisa\/\",\"https:\/\/www.instagram.com\/formalisa_formations\/\"]}]}<\/script>\n<!-- \/ Yoast SEO plugin. -->","yoast_head_json":{"title":"Mentions l\u00e9gales - Formalisa","description":"Mentions l\u00e9gales - Formalisa","robots":{"index":"index","follow":"follow","max-snippet":"max-snippet:-1","max-image-preview":"max-image-preview:large","max-video-preview":"max-video-preview:-1"},"canonical":"https:\/\/formalisa.com\/preprod\/mentions-legales\/","og_locale":"fr_FR","og_type":"article","og_title":"Mentions l\u00e9gales - Formalisa","og_description":"Mentions l\u00e9gales - Formalisa","og_url":"https:\/\/formalisa.com\/preprod\/mentions-legales\/","og_site_name":"Formalisa","article_publisher":"https:\/\/www.facebook.com\/formalisaformation","article_modified_time":"2025-05-07T14:57:38+00:00","twitter_card":"summary_large_image","twitter_description":"Mentions l\u00e9gales - Formalisa","schema":{"@context":"https:\/\/schema.org","@graph":[{"@type":"WebPage","@id":"https:\/\/formalisa.com\/preprod\/mentions-legales\/","url":"https:\/\/formalisa.com\/preprod\/mentions-legales\/","name":"Mentions l\u00e9gales - Formalisa","isPartOf":{"@id":"https:\/\/formalisa.com\/preprod\/#website"},"datePublished":"2022-08-09T08:04:06+00:00","dateModified":"2025-05-07T14:57:38+00:00","description":"Mentions l\u00e9gales - Formalisa","breadcrumb":{"@id":"https:\/\/formalisa.com\/preprod\/mentions-legales\/#breadcrumb"},"inLanguage":"fr-FR","potentialAction":[{"@type":"ReadAction","target":["https:\/\/formalisa.com\/preprod\/mentions-legales\/"]}]},{"@type":"BreadcrumbList","@id":"https:\/\/formalisa.com\/preprod\/mentions-legales\/#breadcrumb","itemListElement":[{"@type":"ListItem","position":1,"name":"Accueil","item":"https:\/\/formalisa.com\/preprod\/"},{"@type":"ListItem","position":2,"name":"Mentions l\u00e9gales"}]},{"@type":"WebSite","@id":"https:\/\/formalisa.com\/preprod\/#website","url":"https:\/\/formalisa.com\/preprod\/","name":"Formalisa","description":"Site de Formalisa","publisher":{"@id":"https:\/\/formalisa.com\/preprod\/#organization"},"potentialAction":[{"@type":"SearchAction","target":{"@type":"EntryPoint","urlTemplate":"https:\/\/formalisa.com\/preprod\/?s={search_term_string}"},"query-input":{"@type":"PropertyValueSpecification","valueRequired":true,"valueName":"search_term_string"}}],"inLanguage":"fr-FR"},{"@type":"Organization","@id":"https:\/\/formalisa.com\/preprod\/#organization","name":"Formalisa","url":"https:\/\/formalisa.com\/preprod\/","logo":{"@type":"ImageObject","inLanguage":"fr-FR","@id":"https:\/\/formalisa.com\/preprod\/#\/schema\/logo\/image\/","url":"https:\/\/formalisa.com\/preprod\/wp-content\/uploads\/2022\/07\/cropped-FORMALISA-1-1.png","contentUrl":"https:\/\/formalisa.com\/preprod\/wp-content\/uploads\/2022\/07\/cropped-FORMALISA-1-1.png","width":856,"height":240,"caption":"Formalisa"},"image":{"@id":"https:\/\/formalisa.com\/preprod\/#\/schema\/logo\/image\/"},"sameAs":["https:\/\/www.facebook.com\/formalisaformation","https:\/\/www.linkedin.com\/company\/formalisa\/","https:\/\/www.instagram.com\/formalisa_formations\/"]}]}},"_links":{"self":[{"href":"https:\/\/formalisa.com\/preprod\/wp-json\/wp\/v2\/pages\/489","targetHints":{"allow":["GET"]}}],"collection":[{"href":"https:\/\/formalisa.com\/preprod\/wp-json\/wp\/v2\/pages"}],"about":[{"href":"https:\/\/formalisa.com\/preprod\/wp-json\/wp\/v2\/types\/page"}],"author":[{"embeddable":true,"href":"https:\/\/formalisa.com\/preprod\/wp-json\/wp\/v2\/users\/1"}],"replies":[{"embeddable":true,"href":"https:\/\/formalisa.com\/preprod\/wp-json\/wp\/v2\/comments?post=489"}],"version-history":[{"count":16,"href":"https:\/\/formalisa.com\/preprod\/wp-json\/wp\/v2\/pages\/489\/revisions"}],"predecessor-version":[{"id":11043,"href":"https:\/\/formalisa.com\/preprod\/wp-json\/wp\/v2\/pages\/489\/revisions\/11043"}],"wp:attachment":[{"href":"https:\/\/formalisa.com\/preprod\/wp-json\/wp\/v2\/media?parent=489"}],"curies":[{"name":"wp","href":"https:\/\/api.w.org\/{rel}","templated":true}]}}