{"id":21,"date":"2022-07-19T14:23:03","date_gmt":"2022-07-19T14:23:03","guid":{"rendered":"https:\/\/formalisa.com\/preprod\/?page_id=21"},"modified":"2025-07-23T10:33:44","modified_gmt":"2025-07-23T10:33:44","slug":"demarche-qualite","status":"publish","type":"page","link":"https:\/\/formalisa.com\/preprod\/demarche-qualite\/","title":{"rendered":"D\u00e9marche Qualit\u00e9"},"content":{"rendered":"<p><!-- Hotjar Tracking Code for https:\/\/formalisa.com\/preprod\/ --><br \/>\n<script><br \/>\n    (function(h,o,t,j,a,r){<br \/>\n        h.hj=h.hj||function(){(h.hj.q=h.hj.q||[]).push(arguments)};<br \/>\n        h._hjSettings={hjid:5216272,hjsv:6};<br \/>\n        a=o.getElementsByTagName('head')[0];<br \/>\n        r=o.createElement('script');r.async=1;<br \/>\n        r.src=t+h._hjSettings.hjid+j+h._hjSettings.hjsv;<br \/>\n        a.appendChild(r);<br \/>\n    })(window,document,'https:\/\/static.hotjar.com\/c\/hotjar-','.js?sv=');<br \/>\n<\/script><\/p>\n\n<div id=\"block-1\" class=\"block-hero-edito block-hero-edito-pattern\">\n    <div class=\"block-hero-edito-content\">\n                <h1 class=\"block-hero-edito-content-surtitle surtitle surtitle-orange\">La r\u00e9f\u00e9rence qualit\u00e9<\/h1>        <span class=\"block-hero-edito-content-title title title-xl title-brown\"><h2>D\u00e9marche Qualit\u00e9<\/h2>\n<\/span>\n        <div class=\"block-hero-edito-content-content content content-md content-brown\"><h3>Forts d\u2019une expertise reconnue, nous pla\u00e7ons la qualit\u00e9 au c\u0153ur de notre d\u00e9marche.<\/h3>\n<p> Certifi\u00e9s et r\u00e9f\u00e9renc\u00e9s selon les standards les plus exigeants, nous garantissons \u00e0 nos apprenants des formations fiables, innovantes et en ad\u00e9quation avec les attentes du march\u00e9.<\/p>\n<\/div>\n            <\/div>\n<\/div>\n\n<div id=\"block-2\" class=\"block-enriched-text-image block-enriched-text-image-color_brown_dark block-enriched-text-image-text_image\">\n    <div class=\"block-enriched-text-image-image\">\n        <img decoding=\"async\" \n    class=\"shortcode-image\" \n    src=\"https:\/\/formalisa.com\/preprod\/wp-content\/uploads\/2025\/03\/Qualiopi.png\" \n    srcset=\"https:\/\/formalisa.com\/preprod\/wp-content\/uploads\/2025\/03\/Qualiopi-300x255.png 300w, https:\/\/formalisa.com\/preprod\/wp-content\/uploads\/2025\/03\/Qualiopi-768x653.png 768w, https:\/\/formalisa.com\/preprod\/wp-content\/uploads\/2025\/03\/Qualiopi.png 885w\"\n    sizes=\"100vw\"\n    alt=\"Logo de la certification Qualiopi de Formalisa\" \n    title=\"Formalisa, organisme certifi\u00e9 Qualiopi\" \n    loading=\"lazy\"\/>    <\/div>\n    <div class=\"block-enriched-text-image-text\">\n                            <h3 class=\"block-enriched-text-image-text-title title title-xs title-orange-light\">Labels Qualit\u00e9 <\/h3>                            <h2 class=\"block-enriched-text-image-text-subtitle subtitle subtitle-xs subtitle-orange\">Le label Qualiopi est d\u00e9livr\u00e9 au titre de la cat\u00e9gorie Actions de formation.<\/h2>                <div class=\"block-enriched-text-image-text-description content content-md content-orange-light\">\n            <p>Notre \u00e9quipe est historiquement attach\u00e9e \u00e0 une dynamique d\u2019organisation int\u00e9grant un Syst\u00e8me de Management de la Qualit\u00e9 d\u00e8s 2015. Trois qualiticien.nes renforcent les proc\u00e9dures et points de contr\u00f4le. Le groupe Formalisa a ainsi obtenu les premi\u00e8res certifications FAC d\u2019ICert d\u00e8s 2017, avant d\u2019acc\u00e9der aux labellisations Qualiopi en 2020, ainsi qu\u2019au statut de Certificateur au RSCH d\u00e8s 2017, puis 2022 et 2025.<\/p>\n<p>Les principaux points garantis par le label Qualiopi concernent :<\/p>\n<ul>\n<li>La qualit\u00e9 des services et de l\u2019offre de formation<\/li>\n<li>L\u2019ad\u00e9quation des formations avec les besoins du march\u00e9<\/li>\n<li>La conformit\u00e9 avec les derniers d\u00e9crets Qualit\u00e9<\/li>\n<\/ul>\n<p><a href=\"https:\/\/formalisa.com\/preprod\/wp-content\/uploads\/2025\/04\/FORMALISA-INSTITUT-Certificat-rev03.pdf\">Certificat Qualiopi Formalisa Institut<\/a><\/p>\n  \n        <\/div>\n    <\/div>\n<\/div>\n\n<div id=\"block-3\" class=\"block-enriched-text-image block-enriched-text-image-color_white block-enriched-text-image-image_text\">\n    <div class=\"block-enriched-text-image-image\">\n        <img decoding=\"async\" \n    class=\"shortcode-image\" \n    src=\"https:\/\/formalisa.com\/preprod\/wp-content\/uploads\/2025\/03\/CPF.png\" \n    srcset=\"https:\/\/formalisa.com\/preprod\/wp-content\/uploads\/2025\/03\/CPF-270x300.png 270w, https:\/\/formalisa.com\/preprod\/wp-content\/uploads\/2025\/03\/CPF-768x855.png 768w, https:\/\/formalisa.com\/preprod\/wp-content\/uploads\/2025\/03\/CPF.png 798w\"\n    sizes=\"100vw\"\n    alt=\"Logos Mon Compte Formation et France Comp\u00e9tences\" \n    title=\"Nos formations \u00e9ligibles au CPF et reconnues par France Comp\u00e9tences\" \n    loading=\"lazy\"\/>    <\/div>\n    <div class=\"block-enriched-text-image-text\">\n                    <h3 class=\"block-enriched-text-image-text-surtitle surtitle surtitle-orange\">Certifications professionnelles valid\u00e9es par France Comp\u00e9tences<\/h3>                            <h2 class=\"block-enriched-text-image-text-title title title-xs title-brown\">Certificateur au R\u00e9pertoire Sp\u00e9cifique (RSCH)<\/h2>                        <div class=\"block-enriched-text-image-text-description content content-md content-brown\">\n            <p>Formalisa est Certificateur \u00e0 l\u2019Inventaire en 2017 avec 5 certifications, puis au R\u00e9pertoire Sp\u00e9cifique en 2022, avec 13 certifications dans les domaines techniques et en p\u00e9dagogie.<\/p>\n<p>Nos parcours certifiants sont <strong>\u00e9ligibles au <\/strong><a href=\"https:\/\/www.moncompteformation.gouv.fr\/espace-prive\/html\/#\/\"><strong>Compte Personnel de Formation (CPF)<\/strong><\/a>. Les comp\u00e9tences sont valid\u00e9es par une certification professionnelle. Un <strong>parchemin de certification<\/strong> est remis \u00e0 chaque candidat.<\/p>\n<p>Formalisa g\u00e8re et accompagne un r\u00e9seau national de partenaires habilit\u00e9s depuis 2019.<\/p>\n  \n        <\/div>\n    <\/div>\n<\/div>\n\n<div id=\"block-4\" class=\"block-enriched-text-image block-enriched-text-image-color_brown_dark block-enriched-text-image-text_image\">\n    <div class=\"block-enriched-text-image-image\">\n        <img decoding=\"async\" \n    class=\"shortcode-image\" \n    src=\"https:\/\/formalisa.com\/preprod\/wp-content\/uploads\/2025\/03\/DATADOKE.png\" \n    srcset=\"https:\/\/formalisa.com\/preprod\/wp-content\/uploads\/2025\/03\/DATADOKE-300x298.png 300w, https:\/\/formalisa.com\/preprod\/wp-content\/uploads\/2025\/03\/DATADOKE-150x150.png 150w, https:\/\/formalisa.com\/preprod\/wp-content\/uploads\/2025\/03\/DATADOKE-768x763.png 768w, https:\/\/formalisa.com\/preprod\/wp-content\/uploads\/2025\/03\/DATADOKE.png 885w\"\n    sizes=\"100vw\"\n    alt=\"Logo Datadock, certification qualit\u00e9 des formations\" \n    title=\"Formalisa, organisme r\u00e9f\u00e9renc\u00e9 Datadock\" \n    loading=\"lazy\"\/>    <\/div>\n    <div class=\"block-enriched-text-image-text\">\n                    <span class=\"block-enriched-text-image-text-surtitle surtitle surtitle-orange\">Datadock<\/span>                            <h2 class=\"block-enriched-text-image-text-title title title-xs title-orange-light\">R\u00e9f\u00e9rencement Datadock <\/h2>                        <div class=\"block-enriched-text-image-text-description content content-md content-orange-light\">\n            <p>Conform\u00e9ment aux exigences r\u00e8glementaires visant au r\u00e9f\u00e9rencement des organismes de formation par les financeurs, Formalisa Institut est r\u00e9f\u00e9renc\u00e9e au Datadock depuis 2015.<\/p>\n<p>Ce r\u00e9f\u00e9rencement permet de faciliter la prise en charge des formations par les diff\u00e9rents dispositifs existants dont les OPCO.<\/p>\n  \n        <\/div>\n    <\/div>\n<\/div>\n\n<div id=\"block-5\" class=\"block-enriched-text-image block-enriched-text-image-color_white block-enriched-text-image-image_text\">\n    <div class=\"block-enriched-text-image-image\">\n        <img decoding=\"async\" \n    class=\"shortcode-image\" \n    src=\"https:\/\/formalisa.com\/preprod\/wp-content\/uploads\/2025\/03\/OPCO.png\" \n    srcset=\"https:\/\/formalisa.com\/preprod\/wp-content\/uploads\/2025\/03\/OPCO-300x270.png 300w, https:\/\/formalisa.com\/preprod\/wp-content\/uploads\/2025\/03\/OPCO-768x691.png 768w, https:\/\/formalisa.com\/preprod\/wp-content\/uploads\/2025\/03\/OPCO.png 888w\"\n    sizes=\"100vw\"\n    alt=\"Logo OPCO pour la prise en charge des formations\" \n    title=\"Financement des formations via les OPCO\" \n    loading=\"lazy\"\/>    <\/div>\n    <div class=\"block-enriched-text-image-text\">\n                    <span class=\"block-enriched-text-image-text-surtitle surtitle surtitle-orange\">OPCO<\/span>                            <h2 class=\"block-enriched-text-image-text-title title title-xs title-brown\">R\u00e9f\u00e9rencement OPCO <\/h2>                            <h3 class=\"block-enriched-text-image-text-subtitle subtitle subtitle-xs subtitle-orange\">Formations techniques et formations en p\u00e9dagogie<\/h3>                <div class=\"block-enriched-text-image-text-description content content-md content-brown\">\n            <p>Nos actions de formation sont r\u00e9f\u00e9renc\u00e9es aupr\u00e8s des diff\u00e9rents Opco : Akto, Atlas, Opco 2i, Constructys, Afdas, Ocapiat, Opco EP, Opco Commerce, Opco Mobilit\u00e9s, Uniformation, Opco Sant\u00e9 \u2026 notamment dans le cadre de la transition num\u00e9rique.<\/p>\n<p>Ces r\u00e9f\u00e9rencements illustrent l\u2019engagement de Formalisa \u00e0 proposer des formations en parfaite ad\u00e9quation avec les besoins \u00e9volutifs des entreprises, et permettent des prises en charge prioritaires.<\/p>\n<p><span class=\"highlight highlight-orange-light\"><a href=\"https:\/\/formalisa.com\/preprod\/financement\/\">En savoir plus sur le financement de vos formations.<\/a><\/span><\/p>\n  \n        <\/div>\n    <\/div>\n<\/div>","protected":false},"excerpt":{"rendered":"","protected":false},"author":1,"featured_media":0,"parent":0,"menu_order":0,"comment_status":"closed","ping_status":"closed","template":"","meta":{"_acf_changed":false,"footnotes":""},"class_list":["post-21","page","type-page","status-publish","hentry"],"acf":[],"yoast_head":"<!-- This site is optimized with the Yoast SEO plugin v26.1.1 - https:\/\/yoast.com\/wordpress\/plugins\/seo\/ -->\n<title>D\u00e9marche qualit\u00e9 : notre engagement pour des formations certifi\u00e9es<\/title>\n<meta name=\"description\" content=\"D\u00e9couvrez notre d\u00e9marche qualit\u00e9 pour une formation certifi\u00e9e et adapt\u00e9e aux besoins des professionnels. Excellence et certification au rendez-vous.\" \/>\n<meta name=\"robots\" content=\"index, follow, max-snippet:-1, max-image-preview:large, max-video-preview:-1\" \/>\n<link rel=\"canonical\" href=\"https:\/\/formalisa.com\/preprod\/demarche-qualite\/\" \/>\n<meta property=\"og:locale\" content=\"fr_FR\" \/>\n<meta property=\"og:type\" content=\"article\" \/>\n<meta property=\"og:title\" content=\"Formalisa - D\u00e9marche Qualit\u00e9\" \/>\n<meta property=\"og:description\" content=\"Fomalisa est Certificateur historique et d\u00e9positaire de 14 certifications professionnelles enregistr\u00e9es au R\u00e9pertoire Sp\u00e9cifique.\" \/>\n<meta property=\"og:url\" content=\"https:\/\/formalisa.com\/preprod\/demarche-qualite\/\" \/>\n<meta property=\"og:site_name\" content=\"Formalisa\" \/>\n<meta property=\"article:publisher\" content=\"https:\/\/www.facebook.com\/formalisaformation\" \/>\n<meta property=\"article:modified_time\" content=\"2025-07-23T10:33:44+00:00\" \/>\n<meta property=\"og:image\" content=\"https:\/\/formalisa.com\/preprod\/wp-content\/uploads\/2022\/09\/header-demarche-qualite-scaled.jpg\" \/>\n\t<meta property=\"og:image:width\" content=\"1920\" \/>\n\t<meta property=\"og:image:height\" content=\"1080\" \/>\n\t<meta property=\"og:image:type\" content=\"image\/jpeg\" \/>\n<meta name=\"twitter:card\" content=\"summary_large_image\" \/>\n<meta name=\"twitter:title\" content=\"Formalisa - D\u00e9marche Qualit\u00e9\" \/>\n<meta name=\"twitter:description\" content=\"Fomalisa est Certificateur historique et d\u00e9positaire de 14 certifications professionnelles enregistr\u00e9es au R\u00e9pertoire Sp\u00e9cifique.\" \/>\n<meta name=\"twitter:image\" content=\"https:\/\/formalisa.com\/preprod\/wp-content\/uploads\/2022\/09\/header-demarche-qualite-scaled.jpg\" \/>\n<script type=\"application\/ld+json\" class=\"yoast-schema-graph\">{\"@context\":\"https:\/\/schema.org\",\"@graph\":[{\"@type\":\"WebPage\",\"@id\":\"https:\/\/formalisa.com\/preprod\/demarche-qualite\/\",\"url\":\"https:\/\/formalisa.com\/preprod\/demarche-qualite\/\",\"name\":\"D\u00e9marche qualit\u00e9 : notre engagement pour des formations certifi\u00e9es\",\"isPartOf\":{\"@id\":\"https:\/\/formalisa.com\/preprod\/#website\"},\"datePublished\":\"2022-07-19T14:23:03+00:00\",\"dateModified\":\"2025-07-23T10:33:44+00:00\",\"description\":\"D\u00e9couvrez notre d\u00e9marche qualit\u00e9 pour une formation certifi\u00e9e et adapt\u00e9e aux besoins des professionnels. Excellence et certification au rendez-vous.\",\"breadcrumb\":{\"@id\":\"https:\/\/formalisa.com\/preprod\/demarche-qualite\/#breadcrumb\"},\"inLanguage\":\"fr-FR\",\"potentialAction\":[{\"@type\":\"ReadAction\",\"target\":[\"https:\/\/formalisa.com\/preprod\/demarche-qualite\/\"]}]},{\"@type\":\"BreadcrumbList\",\"@id\":\"https:\/\/formalisa.com\/preprod\/demarche-qualite\/#breadcrumb\",\"itemListElement\":[{\"@type\":\"ListItem\",\"position\":1,\"name\":\"Accueil\",\"item\":\"https:\/\/formalisa.com\/preprod\/\"},{\"@type\":\"ListItem\",\"position\":2,\"name\":\"D\u00e9marche Qualit\u00e9\"}]},{\"@type\":\"WebSite\",\"@id\":\"https:\/\/formalisa.com\/preprod\/#website\",\"url\":\"https:\/\/formalisa.com\/preprod\/\",\"name\":\"Formalisa\",\"description\":\"Site de Formalisa\",\"publisher\":{\"@id\":\"https:\/\/formalisa.com\/preprod\/#organization\"},\"potentialAction\":[{\"@type\":\"SearchAction\",\"target\":{\"@type\":\"EntryPoint\",\"urlTemplate\":\"https:\/\/formalisa.com\/preprod\/?s={search_term_string}\"},\"query-input\":{\"@type\":\"PropertyValueSpecification\",\"valueRequired\":true,\"valueName\":\"search_term_string\"}}],\"inLanguage\":\"fr-FR\"},{\"@type\":\"Organization\",\"@id\":\"https:\/\/formalisa.com\/preprod\/#organization\",\"name\":\"Formalisa\",\"url\":\"https:\/\/formalisa.com\/preprod\/\",\"logo\":{\"@type\":\"ImageObject\",\"inLanguage\":\"fr-FR\",\"@id\":\"https:\/\/formalisa.com\/preprod\/#\/schema\/logo\/image\/\",\"url\":\"https:\/\/formalisa.com\/preprod\/wp-content\/uploads\/2022\/07\/cropped-FORMALISA-1-1.png\",\"contentUrl\":\"https:\/\/formalisa.com\/preprod\/wp-content\/uploads\/2022\/07\/cropped-FORMALISA-1-1.png\",\"width\":856,\"height\":240,\"caption\":\"Formalisa\"},\"image\":{\"@id\":\"https:\/\/formalisa.com\/preprod\/#\/schema\/logo\/image\/\"},\"sameAs\":[\"https:\/\/www.facebook.com\/formalisaformation\",\"https:\/\/www.linkedin.com\/company\/formalisa\/\",\"https:\/\/www.instagram.com\/formalisa_formations\/\"]}]}<\/script>\n<!-- \/ Yoast SEO plugin. -->","yoast_head_json":{"title":"D\u00e9marche qualit\u00e9 : notre engagement pour des formations certifi\u00e9es","description":"D\u00e9couvrez notre d\u00e9marche qualit\u00e9 pour une formation certifi\u00e9e et adapt\u00e9e aux besoins des professionnels. Excellence et certification au rendez-vous.","robots":{"index":"index","follow":"follow","max-snippet":"max-snippet:-1","max-image-preview":"max-image-preview:large","max-video-preview":"max-video-preview:-1"},"canonical":"https:\/\/formalisa.com\/preprod\/demarche-qualite\/","og_locale":"fr_FR","og_type":"article","og_title":"Formalisa - D\u00e9marche Qualit\u00e9","og_description":"Fomalisa est Certificateur historique et d\u00e9positaire de 14 certifications professionnelles enregistr\u00e9es au R\u00e9pertoire Sp\u00e9cifique.","og_url":"https:\/\/formalisa.com\/preprod\/demarche-qualite\/","og_site_name":"Formalisa","article_publisher":"https:\/\/www.facebook.com\/formalisaformation","article_modified_time":"2025-07-23T10:33:44+00:00","og_image":[{"width":1920,"height":1080,"url":"https:\/\/formalisa.com\/preprod\/wp-content\/uploads\/2022\/09\/header-demarche-qualite-scaled.jpg","type":"image\/jpeg"}],"twitter_card":"summary_large_image","twitter_title":"Formalisa - D\u00e9marche Qualit\u00e9","twitter_description":"Fomalisa est Certificateur historique et d\u00e9positaire de 14 certifications professionnelles enregistr\u00e9es au R\u00e9pertoire Sp\u00e9cifique.","twitter_image":"https:\/\/formalisa.com\/preprod\/wp-content\/uploads\/2022\/09\/header-demarche-qualite-scaled.jpg","schema":{"@context":"https:\/\/schema.org","@graph":[{"@type":"WebPage","@id":"https:\/\/formalisa.com\/preprod\/demarche-qualite\/","url":"https:\/\/formalisa.com\/preprod\/demarche-qualite\/","name":"D\u00e9marche qualit\u00e9 : notre engagement pour des formations certifi\u00e9es","isPartOf":{"@id":"https:\/\/formalisa.com\/preprod\/#website"},"datePublished":"2022-07-19T14:23:03+00:00","dateModified":"2025-07-23T10:33:44+00:00","description":"D\u00e9couvrez notre d\u00e9marche qualit\u00e9 pour une formation certifi\u00e9e et adapt\u00e9e aux besoins des professionnels. Excellence et certification au rendez-vous.","breadcrumb":{"@id":"https:\/\/formalisa.com\/preprod\/demarche-qualite\/#breadcrumb"},"inLanguage":"fr-FR","potentialAction":[{"@type":"ReadAction","target":["https:\/\/formalisa.com\/preprod\/demarche-qualite\/"]}]},{"@type":"BreadcrumbList","@id":"https:\/\/formalisa.com\/preprod\/demarche-qualite\/#breadcrumb","itemListElement":[{"@type":"ListItem","position":1,"name":"Accueil","item":"https:\/\/formalisa.com\/preprod\/"},{"@type":"ListItem","position":2,"name":"D\u00e9marche Qualit\u00e9"}]},{"@type":"WebSite","@id":"https:\/\/formalisa.com\/preprod\/#website","url":"https:\/\/formalisa.com\/preprod\/","name":"Formalisa","description":"Site de Formalisa","publisher":{"@id":"https:\/\/formalisa.com\/preprod\/#organization"},"potentialAction":[{"@type":"SearchAction","target":{"@type":"EntryPoint","urlTemplate":"https:\/\/formalisa.com\/preprod\/?s={search_term_string}"},"query-input":{"@type":"PropertyValueSpecification","valueRequired":true,"valueName":"search_term_string"}}],"inLanguage":"fr-FR"},{"@type":"Organization","@id":"https:\/\/formalisa.com\/preprod\/#organization","name":"Formalisa","url":"https:\/\/formalisa.com\/preprod\/","logo":{"@type":"ImageObject","inLanguage":"fr-FR","@id":"https:\/\/formalisa.com\/preprod\/#\/schema\/logo\/image\/","url":"https:\/\/formalisa.com\/preprod\/wp-content\/uploads\/2022\/07\/cropped-FORMALISA-1-1.png","contentUrl":"https:\/\/formalisa.com\/preprod\/wp-content\/uploads\/2022\/07\/cropped-FORMALISA-1-1.png","width":856,"height":240,"caption":"Formalisa"},"image":{"@id":"https:\/\/formalisa.com\/preprod\/#\/schema\/logo\/image\/"},"sameAs":["https:\/\/www.facebook.com\/formalisaformation","https:\/\/www.linkedin.com\/company\/formalisa\/","https:\/\/www.instagram.com\/formalisa_formations\/"]}]}},"_links":{"self":[{"href":"https:\/\/formalisa.com\/preprod\/wp-json\/wp\/v2\/pages\/21","targetHints":{"allow":["GET"]}}],"collection":[{"href":"https:\/\/formalisa.com\/preprod\/wp-json\/wp\/v2\/pages"}],"about":[{"href":"https:\/\/formalisa.com\/preprod\/wp-json\/wp\/v2\/types\/page"}],"author":[{"embeddable":true,"href":"https:\/\/formalisa.com\/preprod\/wp-json\/wp\/v2\/users\/1"}],"replies":[{"embeddable":true,"href":"https:\/\/formalisa.com\/preprod\/wp-json\/wp\/v2\/comments?post=21"}],"version-history":[{"count":23,"href":"https:\/\/formalisa.com\/preprod\/wp-json\/wp\/v2\/pages\/21\/revisions"}],"predecessor-version":[{"id":11651,"href":"https:\/\/formalisa.com\/preprod\/wp-json\/wp\/v2\/pages\/21\/revisions\/11651"}],"wp:attachment":[{"href":"https:\/\/formalisa.com\/preprod\/wp-json\/wp\/v2\/media?parent=21"}],"curies":[{"name":"wp","href":"https:\/\/api.w.org\/{rel}","templated":true}]}}